{"id":111,"date":"2013-03-19T12:34:40","date_gmt":"2013-03-19T12:34:40","guid":{"rendered":"http:\/\/conference.osu.eu\/globalization\/?page_id=111"},"modified":"2013-03-23T20:22:37","modified_gmt":"2013-03-23T20:22:37","slug":"excursions","status":"publish","type":"page","link":"https:\/\/globalization.osu.cz\/?page_id=111","title":{"rendered":"Excursions"},"content":{"rendered":"<h1>1. Industrial heritage of Ostrava<\/h1>\n<p><b>Annotation<\/b><br \/>\nThis excursion aims to give an introduction to the industrial processes that helped to form the present city of Ostrava and to shed light on different ways how the city deals with its industrial heritage at present.<\/p>\n<p><img loading=\"lazy\" decoding=\"async\" class=\"alignnone  wp-image-213\" title=\"Vitkovice Lower Area. Photo by Boris Renner.\" alt=\"320px-Doln\u00ed_oblast_vitkovic_-_svitani_10.12.2006\" src=\"http:\/\/conference.osu.eu\/globalization\/wp-content\/uploads\/320px-Doln\u00ed_oblast_vitkovic_-_svitani_10.12.2006-300x196.jpg\" width=\"300\" height=\"196\" srcset=\"https:\/\/globalization.osu.cz\/wp-content\/uploads\/320px-Doln\u00ed_oblast_vitkovic_-_svitani_10.12.2006-300x196.jpg 300w, https:\/\/globalization.osu.cz\/wp-content\/uploads\/320px-Doln\u00ed_oblast_vitkovic_-_svitani_10.12.2006.jpg 320w\" sizes=\"auto, (max-width: 300px) 100vw, 300px\" \/> <img loading=\"lazy\" decoding=\"async\" class=\"alignnone  wp-image-220\" title=\"Anselm mine, Mining museum in Ostrava. Photo by Honza Groh.\" alt=\"\" src=\"http:\/\/conference.osu.eu\/globalization\/wp-content\/uploads\/Hornick\u00e9_muzeum_Ostrava_v\u00fdztu\u017e_chodby.jpg\" width=\"300\" height=\"196\" srcset=\"https:\/\/globalization.osu.cz\/wp-content\/uploads\/Hornick\u00e9_muzeum_Ostrava_v\u00fdztu\u017e_chodby.jpg 320w, https:\/\/globalization.osu.cz\/wp-content\/uploads\/Hornick\u00e9_muzeum_Ostrava_v\u00fdztu\u017e_chodby-300x196.jpg 300w\" sizes=\"auto, (max-width: 300px) 100vw, 300px\" \/><\/p>\n<p><b>Program<\/b><\/p>\n<table width=\"645\" border=\"0\" cellpadding=\"0\">\n<tbody>\n<tr>\n<td>09:00<\/td>\n<td>Departure from the place of conference &#8211; building of the Faculty of Science, Chittussiho 10<\/td>\n<\/tr>\n<tr>\n<td>10:00-12:00<\/td>\n<td>Ema, slag heap<br \/>\nLandek (mining museum)<\/td>\n<\/tr>\n<tr>\n<td>12:00-13:30<\/td>\n<td>Lunch (Dittrich restaurant as an example of development in the Vitkovice area)<\/td>\n<\/tr>\n<tr>\n<td>13:30-16:00<\/td>\n<td>Vitkovice, the forgotten beauty of industrial buildings (workers&#8217; colony of brick houses, town hall)<br \/>\nThe Lower Area of Vitkovice (blast furnaces and other technological facilities of metallurgical industry and energetics listed under European Cultural Heritage)<br \/>\nU6 &#8211; The Small World of Technology (an interactive science museum in the U6 historical building of the Lower Area of Vitkovice)<\/td>\n<\/tr>\n<tr>\n<td>16:15<\/td>\n<td>Return to the place of confererence &#8211; building of the Faculty of Science, Chittussiho 10<\/td>\n<\/tr>\n<\/tbody>\n<\/table>\n<p><b>Price<\/b><br \/>\n50 EUR\/person. Price includes: entrance fees, English speaking tour guide, lunch and transportation.<\/p>\n<p>&nbsp;<\/p>\n<h1>2. In the footsteps of history \u2013 the medieval town of \u0160tramberk<\/h1>\n<p style=\"text-align: justify;\"><b>Annotation <\/b><br \/>\nThis excursion will introduce the historical sights of the region, namely the picturesque town in the centre of the \u0160tramberk Highlands, known as \u201cMoravian Bethlehem\u201d. \u0160tramberk was founded in 1359 by the son of the Czech king, King John of Luxembourg (1296-1346), the Moravian Margrave Jan Jind\u0159ich of Luxembourg (1322-1375). The town and the surrounding area are dominated by the ruins of the Strallenberg castle including a cylindrical tower called Tr\u00faba. In addition there is a unique collection of timbered houses from the 18th and 19th centuries, most of which form the city conservation area. The territory of the town was already populated back in prehistoric times. The discovery in the \u0160ipka caves, where remnants of a settlement and skeletal remains of Neanderthals from 40,000 B.C. were found, testifies to this fact.<\/p>\n<p><img loading=\"lazy\" decoding=\"async\" class=\"alignnone size-full wp-image-224\" alt=\"View at the Czech town of \u0160tramberk with the Tr\u00faba castle tower from \u0160ipka cave. Photo by David Paloch.\" src=\"http:\/\/conference.osu.eu\/globalization\/wp-content\/uploads\/320px-\u0160tramberk_CZE_-_general_view_of_the_town.jpg\" width=\"301\" height=\"226\" srcset=\"https:\/\/globalization.osu.cz\/wp-content\/uploads\/320px-\u0160tramberk_CZE_-_general_view_of_the_town.jpg 320w, https:\/\/globalization.osu.cz\/wp-content\/uploads\/320px-\u0160tramberk_CZE_-_general_view_of_the_town-300x225.jpg 300w\" sizes=\"auto, (max-width: 301px) 100vw, 301px\" \/> <img loading=\"lazy\" decoding=\"async\" class=\"alignnone size-full wp-image-225\" alt=\"Tatra 87 in Tatra museum in Kop\u0159ivnice, in background Tatra 77\" src=\"http:\/\/conference.osu.eu\/globalization\/wp-content\/uploads\/320px-Tatra_87_in_tatra_museum.jpg\" width=\"300\" height=\"226\" srcset=\"https:\/\/globalization.osu.cz\/wp-content\/uploads\/320px-Tatra_87_in_tatra_museum.jpg 320w, https:\/\/globalization.osu.cz\/wp-content\/uploads\/320px-Tatra_87_in_tatra_museum-300x225.jpg 300w\" sizes=\"auto, (max-width: 300px) 100vw, 300px\" \/><\/p>\n<p><b>Program <\/b><\/p>\n<table border=\"0\" cellpadding=\"0\">\n<tbody>\n<tr>\n<td>09:00<\/td>\n<td>Departure from the place of conference &#8211; building of the Faculty of Science, Chittussiho 10<\/td>\n<\/tr>\n<tr>\n<td>10:00-11:30<\/td>\n<td>\u0160tramberk, \u0160ipka caves and the hill of Kotou\u010d<\/td>\n<\/tr>\n<tr>\n<td>11:30-13:00<\/td>\n<td>Lunch (\u0160tramberk brewery, town square)<\/td>\n<\/tr>\n<tr>\n<td>13:00-15:00<\/td>\n<td>Tr\u00faba tower<br \/>\nWalk from the tower to the botanical garden and arboretum in the compound of the old limestone quarry<\/td>\n<\/tr>\n<tr>\n<td>15:15-16:45<\/td>\n<td>Technical museum of Tatra, Kop\u0159ivnice<\/td>\n<\/tr>\n<tr>\n<td>17:30<\/td>\n<td>Return to the place of confererence &#8211; building of the Faculty of Science, Chittussiho 10<\/td>\n<\/tr>\n<\/tbody>\n<\/table>\n<p><b>Price <\/b><br \/>\n50 EUR\/person. Price includes: entrance fees, English speaking tour guide, lunch and transportation.<\/p>\n<p>&nbsp;<\/p>\n<h1>3. Moravian-Silesian Beskids \u2013 the Pustevny saddle<\/h1>\n<p>Only in case of good weather. We recommend hiking boots.<\/p>\n<p style=\"text-align: justify;\"><b>Annotation<\/b><br \/>\nThis excursion offers a visit of Pustevny (1018 meters above sea level), a mountain saddle in the Moravian-Silesian Beskids mountain range. It was named after the Czech word for a hermit as hermits lived here until the year 1874. Pustevny are typical for their wooden buildings built in traditional folk style and picturesque views of the region.<\/p>\n<p style=\"text-align: justify;\"><img loading=\"lazy\" decoding=\"async\" class=\"alignnone size-medium wp-image-216\" alt=\"Pustevny in Moravian-Silesian Beskids.\" src=\"http:\/\/conference.osu.eu\/globalization\/wp-content\/uploads\/320px-Pustevny_Libu\u0161\u00edn_vlevo_a_Mam\u011bnka-300x225.jpg\" width=\"300\" height=\"225\" srcset=\"https:\/\/globalization.osu.cz\/wp-content\/uploads\/320px-Pustevny_Libu\u0161\u00edn_vlevo_a_Mam\u011bnka-300x225.jpg 300w, https:\/\/globalization.osu.cz\/wp-content\/uploads\/320px-Pustevny_Libu\u0161\u00edn_vlevo_a_Mam\u011bnka.jpg 320w\" sizes=\"auto, (max-width: 300px) 100vw, 300px\" \/> <img loading=\"lazy\" decoding=\"async\" alt=\"View from Radho\u0161\u0165\" src=\"http:\/\/conference.osu.eu\/globalization\/wp-content\/uploads\/Radho\u0161\u0165_v\u00fdhled-300x225.jpg\" width=\"300\" height=\"225\" \/><\/p>\n<p><b>Program <\/b><\/p>\n<table border=\"0\" cellpadding=\"0\">\n<tbody>\n<tr>\n<td>09:00<\/td>\n<td>Departure from the place of conference &#8211; building of the Faculty of Science, Chittussiho 10<\/td>\n<\/tr>\n<tr>\n<td>10:00\u201313:00<\/td>\n<td>Trojanovice, ropeway to Pustevny<br \/>\nWalk to the statue of Radegast, a Slavic god<\/td>\n<\/tr>\n<tr>\n<td>13:00\u201314:30<\/td>\n<td>Lunch (Trojanovice)<\/td>\n<\/tr>\n<tr>\n<td>15:30<\/td>\n<td>Return to the place of confererence &#8211; building of the Faculty of Science, Chittussiho 10<\/td>\n<\/tr>\n<\/tbody>\n<\/table>\n<p><b>Price<\/b><br \/>\n40 EUR\/person. Price includes: entrance fees, English speaking tour guide, lunch and transportation.<\/p>\n<p>&nbsp;<\/p>\n<h1>4. Pood\u0159\u00ed, protected landscape area &#8211; swamp ecosystems of Ostrava\u2019s suburbs<\/h1>\n<p>Only in case of good weather. We recommend hiking boots. <b>\u00a0<\/b><\/p>\n<p><b>Annotation <\/b><\/p>\n<p>This excursion aims to introduce the parts of Ostrava that are barely influenced by its industrial past. Pood\u0159\u00ed is a harmoniously formed landscape park with lots of dispersed green, including the naturally meandering flow of the Odra river with systems of both permanent and periodical pools, floodplain forests, swamps of international importance &#8211; recorded in the Ramsar Convention&#8217;s on Wetlands list. It consists of several pond systems and the biggest system of alluvial meadows in the Czech Republic; an important ornithological area in the European context.<\/p>\n<p><img loading=\"lazy\" decoding=\"async\" class=\"alignnone size-medium wp-image-214\" alt=\"Pood\u0159\u00ed protected area.\" src=\"http:\/\/conference.osu.eu\/globalization\/wp-content\/uploads\/320px-CHKO_Pood\u0159\u00ed_leteck\u00fd_pohled_04-300x225.jpg\" width=\"300\" height=\"225\" srcset=\"https:\/\/globalization.osu.cz\/wp-content\/uploads\/320px-CHKO_Pood\u0159\u00ed_leteck\u00fd_pohled_04-300x225.jpg 300w, https:\/\/globalization.osu.cz\/wp-content\/uploads\/320px-CHKO_Pood\u0159\u00ed_leteck\u00fd_pohled_04.jpg 320w\" sizes=\"auto, (max-width: 300px) 100vw, 300px\" \/> <img loading=\"lazy\" decoding=\"async\" class=\"alignnone size-medium wp-image-228\" alt=\"National nature reserve Polansk\u00e1 niva. Ostrava-city District, Moravian-Silesian Region, Czech Republic\" src=\"http:\/\/conference.osu.eu\/globalization\/wp-content\/uploads\/320px-Pood\u0159\u00ed_Mal\u00fd_Va\u010dek-300x225.jpg\" width=\"300\" height=\"225\" srcset=\"https:\/\/globalization.osu.cz\/wp-content\/uploads\/320px-Pood\u0159\u00ed_Mal\u00fd_Va\u010dek-300x225.jpg 300w, https:\/\/globalization.osu.cz\/wp-content\/uploads\/320px-Pood\u0159\u00ed_Mal\u00fd_Va\u010dek.jpg 320w\" sizes=\"auto, (max-width: 300px) 100vw, 300px\" \/><\/p>\n<p><b>Program <\/b><\/p>\n<table border=\"0\" cellpadding=\"0\">\n<tbody>\n<tr>\n<td>09:30<\/td>\n<td>Departure from Ostrava hlavni nadrazi railway station<\/td>\n<\/tr>\n<tr>\n<td>10:00-13:00<\/td>\n<td>Jistebn\u00edk (a walking tour of PLA Pood\u0159\u00ed Jistebn\u00edk to Polanka nad Odrou)<\/td>\n<\/tr>\n<tr>\n<td>13:15-13:30<\/td>\n<td>Return from Polanka nad Odrou to Ostrava (building of the Faculty of Science, Chittussiho 10)<\/td>\n<\/tr>\n<\/tbody>\n<\/table>\n<p><b>Price<\/b><\/p>\n<p>25 EUR\/person. Price includes: English speaking tour guide, transportation.<\/p>\n","protected":false},"excerpt":{"rendered":"<p>1. Industrial heritage of Ostrava Annotation This excursion aims to give an introduction to the industrial processes that helped to form the present city of Ostrava and to shed light on different ways how the city deals with its industrial heritage at present. Program 09:00 Departure from the place of conference &#8211; building of the [&hellip;]<\/p>\n","protected":false},"author":1,"featured_media":0,"parent":0,"menu_order":0,"comment_status":"closed","ping_status":"closed","template":"","meta":{"ngg_post_thumbnail":0,"footnotes":""},"class_list":["post-111","page","type-page","status-publish","hentry"],"_links":{"self":[{"href":"https:\/\/globalization.osu.cz\/index.php?rest_route=\/wp\/v2\/pages\/111","targetHints":{"allow":["GET"]}}],"collection":[{"href":"https:\/\/globalization.osu.cz\/index.php?rest_route=\/wp\/v2\/pages"}],"about":[{"href":"https:\/\/globalization.osu.cz\/index.php?rest_route=\/wp\/v2\/types\/page"}],"author":[{"embeddable":true,"href":"https:\/\/globalization.osu.cz\/index.php?rest_route=\/wp\/v2\/users\/1"}],"replies":[{"embeddable":true,"href":"https:\/\/globalization.osu.cz\/index.php?rest_route=%2Fwp%2Fv2%2Fcomments&post=111"}],"version-history":[{"count":30,"href":"https:\/\/globalization.osu.cz\/index.php?rest_route=\/wp\/v2\/pages\/111\/revisions"}],"predecessor-version":[{"id":233,"href":"https:\/\/globalization.osu.cz\/index.php?rest_route=\/wp\/v2\/pages\/111\/revisions\/233"}],"wp:attachment":[{"href":"https:\/\/globalization.osu.cz\/index.php?rest_route=%2Fwp%2Fv2%2Fmedia&parent=111"}],"curies":[{"name":"wp","href":"https:\/\/api.w.org\/{rel}","templated":true}]}}