{"id":32,"date":"2013-01-18T22:15:34","date_gmt":"2013-01-18T22:15:34","guid":{"rendered":"http:\/\/conference.osu.eu\/globalization\/?page_id=32"},"modified":"2013-08-26T14:21:36","modified_gmt":"2013-08-26T14:21:36","slug":"how-to-get-to-ostrava","status":"publish","type":"page","link":"https:\/\/globalization.osu.cz\/?page_id=32","title":{"rendered":"How to get to Ostrava"},"content":{"rendered":"<p>Handy guide\u00a0<a href=\"http:\/\/conference.osu.eu\/globalization\/wp-content\/uploads\/dont_get_lost_Globalization2013.pdf\">Finding your way to (in) Ostrava<\/a> is available for download.<\/p>\n<h2>First time in the Czech Republic?<\/h2>\n<p align=\"left\"><a href=\"http:\/\/conference.osu.eu\/globalization\/?attachment_id=162\" rel=\"attachment wp-att-163\"><img loading=\"lazy\" decoding=\"async\" class=\"alignnone size-full wp-image-163\" style=\"border: 0px none;\" alt=\"cz_small\" src=\"http:\/\/conference.osu.eu\/globalization\/wp-content\/uploads\/cz_small.jpg\" width=\"200\" height=\"121\" \/><\/a><\/p>\n<h2>Overview<\/h2>\n<p align=\"left\">The Czech Republic is an inland country in Central Europe, member state of the European Union. The capital is Prague, official currency is koruna (CZK, Czech Crown), and exchange rate to Euro is approx. 25 CZK\/EUR.<\/p>\n<p align=\"left\">The city of Ostrava, with 300 000 inhabitants, is situated in the north-eastern part of the Czech Republic. A typical industrial face of Ostrava region has been changing for last 20 years, but areas of coal mining, metallurgical and chemical industry can be found here. Today, Ostrava plays a strong economic, cultural, administrative and educational role and its surroundings are attractive for foreign investors.<\/p>\n<h2 align=\"left\">Transportation<\/h2>\n<p align=\"left\"><b>Traveling by plane<\/b><\/p>\n<p align=\"left\">The best connection from abroad is available via <a href=\"http:\/\/www.prg.aero\/en\/\" target=\"_blank\">V\u00e1clav Havel Airport in Prague<\/a>. There are several flights from Vienna and Prague to <a href=\"http:\/\/www.airport-ostrava.cz\/\" target=\"_blank\">Ostrava Leos Janacek International Airport <\/a>daily. <a href=\"http:\/\/www.viennaairport.com\" target=\"_blank\">Vienna International Airport <\/a>is also widely used by travellers going in the Czech Republic. International airports in <a href=\"http:\/\/www.krakowairport.pl\/en\" target=\"_blank\">Krakow <\/a>and <a href=\"http:\/\/www.katowice-airport.com\/eng\/?page=aktualnosci\" target=\"_blank\">Katowice <\/a>(both in neighbouring Poland) are also good choice for travelling to Ostrava (namely due to the amount of low-cost airlines flying to\/from these two airports), however the train connection from Krakow and Katowice is considerably worse than from Prague and Vienna. Check your favourite flight operator for more information about flights to Czech Republic.<\/p>\n<p align=\"left\">If you use the combination of flight to Prague and then continuing by train, you can use bus line provides a direct connection between Prague\u2019s air, rail and municipal mass transit systems. Buses marked AE (AIRPORT EXPRESS) connect Prague Main Station (Praha hl.n.) and the Prague Airport. The AE bus line operates daily at regular 30-minute intervals. In the direction of Prague Airport this connection can be used from 6:35 to 22:05. The stop is situated in the municipal transit area in front of the Leti\u0161t\u011b Praha, Termin\u00e1l 1 check-in hall. The ticket cost 60 CZK and is available from bus driver. Instead of AE you can use a <a href=\"http:\/\/www.cd.cz\/en\/vnitrostatni-cestovani\/specialni-nabidky\/airport-express-na-letiste-praha\/-8899\/\">Czech Railways<\/a> public bus service or public transport.<\/p>\n<p align=\"left\"><b>Traveling by car<\/b><\/p>\n<p align=\"left\">Don&#8217;t forget to buy highway stamp when crossing border to the Czech Republic. Road map can be found <a href=\"http:\/\/maps.google.com\/maps?f=q&amp;hl=en&amp;q=czech+republic&amp;layer=&amp;ie=UTF8&amp;om=1&amp;z=8&amp;ll=49.756429,15.578613&amp;spn=3.151487,6.427002\" target=\"blank\">here<\/a>.<\/p>\n<p align=\"left\"><b>Traveling by train<\/b><\/p>\n<p align=\"left\"><b>From Prague<\/b> \u2013 there are direct high-speed trains (<a href=\"http:\/\/www.scpendolino.cz\/en\/:\/index.xhtml\" target=\"blank\">SC Pendolino<\/a>) connecting Prague (Main Station\/Hlavni nadrazi) with Ostrava (Svinov Station and Main Station\/Hlavni nadrazi) 9 times a day, the travel takes about 3 hours (ticket cost 600 CZK\/approx. 26 EUR). Airport Express bus service operates between Prague Airport and Prague Main Station. Direct EuroCity and InterCity trains between Prague and Ostrava operate in approx. two-hour period; the travel takes about 4 hours (ticket cost 430 CZK\/approx. 18 EUR). Tickets for these trains are available in offices of Czech railway in every train stations. Other possibility is using private comfortable trains like <a href=\"http:\/\/www.regiojet.cz\/\" target=\"_blank\">RegioJet<\/a>, travel takes about 3 hours (ticket cost 300 CZK\/approx.13 EUR, available in RegioJet office at the train station) or <a href=\"http:\/\/www.le.cz\/\" target=\"_blank\">LeoExpres<\/a> (time and price similar as RegioJet).<\/p>\n<p align=\"left\"><b>From Vienna<\/b> \u2013 EuroCity trains connect Wien S\u00fcdbahnhof or Wien Meindling with Ostrava, the travel takes about 3 hours (ticket cost 830 CZK\/approx. 33 EUR); please note that you may have to change trains in Breclav or Brno.<\/p>\n<p align=\"left\"><b>From Katowice<\/b> \u2013 there are 3 EuroCity trains connecting Katowice with Ostrava, the travel takes about 2 hours (ticket cost 320 CZK\/approx. 13 EUR).<\/p>\n<p align=\"left\"><b>From Krakow<\/b> \u2013 there is no direct connection between Krakow and Ostrava, except two night trains which arrive to Ostrava in the early morning hours (2 and 3 AM respectively), the travel takes about 4 hours (ticket cost 440 CZK\/approx. 18 EUR). Another possibility is to combine trains with change in Katowice or\/and Bohumin.<\/p>\n<p align=\"left\">For traveling from different destinations and for more information check <a href=\"http:\/\/jizdnirady.idnes.cz\/vlakyautobusy\/spojeni\/\" target=\"blank\">National timetable information system <\/a>web pages.<\/p>\n<p align=\"left\">There are three big railway stations in Ostrava \u2013 Svinov Station, Vitkovice Station and Main Station\/Hlavni nadrazi \u2013 please note that Main Station is located close to the city centre, where the conference takes place. Most of trains finish in Main Station\/Hlavni nadrazi anyway. Don\u00b4t worry, you can use trolleybus to get to conference place.<\/p>\n<p align=\"left\">If you finish at Main Station\/Hlavni nadrazi use the trolleybus No. 108 or 104 and go to bus stop Revirni bratrska pokladna (aprox 20 min.) University is close to this bus stop. The ticket for trolleybus is available at news shop at train station next to main door, or in the ticket automat outsider \u2013 but note please that you need coins at this case. Third possibility is buying the ticket from the trolleybus driver. Short term ticket cost 16-26 CZK 24hrs cost 75 CZK.<\/p>\n<p align=\"left\">If you will need further assistance, please, <a title=\"Contacts\" href=\"http:\/\/conference.osu.eu\/globalization\/?page_id=36\">consult travel arrangements with us<\/a>, we will gladly provide assistance in this matter.<\/p>\n<p align=\"left\"><b>Useful links<\/b><br \/>\n<a href=\"http:\/\/www.czech.cz\/\" target=\"blank\">Czech Republic &#8211; official website <\/a><br \/>\n<a href=\"http:\/\/www.ostrava.cz\/jahia\/Jahia\/site\/ostrava\/lang\/en\/ostrava\" target=\"blank\">Official website of the Statutory City od Ostrava <\/a><br \/>\n<a href=\"http:\/\/www.ostravaci.cz\/?s=album\" target=\"blank\">Ostravaci.cz <\/a>&#8211; 3 photographers and Ostrava &#8211; industrial art you must see!<\/p>\n","protected":false},"excerpt":{"rendered":"<p>Handy guide\u00a0Finding your way to (in) Ostrava is available for download. First time in the Czech Republic? Overview The Czech Republic is an inland country in Central Europe, member state of the European Union. The capital is Prague, official currency is koruna (CZK, Czech Crown), and exchange rate to Euro is approx. 25 CZK\/EUR. The [&hellip;]<\/p>\n","protected":false},"author":1,"featured_media":0,"parent":42,"menu_order":0,"comment_status":"closed","ping_status":"closed","template":"","meta":{"ngg_post_thumbnail":0,"footnotes":""},"class_list":["post-32","page","type-page","status-publish","hentry"],"_links":{"self":[{"href":"https:\/\/globalization.osu.cz\/index.php?rest_route=\/wp\/v2\/pages\/32","targetHints":{"allow":["GET"]}}],"collection":[{"href":"https:\/\/globalization.osu.cz\/index.php?rest_route=\/wp\/v2\/pages"}],"about":[{"href":"https:\/\/globalization.osu.cz\/index.php?rest_route=\/wp\/v2\/types\/page"}],"author":[{"embeddable":true,"href":"https:\/\/globalization.osu.cz\/index.php?rest_route=\/wp\/v2\/users\/1"}],"replies":[{"embeddable":true,"href":"https:\/\/globalization.osu.cz\/index.php?rest_route=%2Fwp%2Fv2%2Fcomments&post=32"}],"version-history":[{"count":11,"href":"https:\/\/globalization.osu.cz\/index.php?rest_route=\/wp\/v2\/pages\/32\/revisions"}],"predecessor-version":[{"id":390,"href":"https:\/\/globalization.osu.cz\/index.php?rest_route=\/wp\/v2\/pages\/32\/revisions\/390"}],"up":[{"embeddable":true,"href":"https:\/\/globalization.osu.cz\/index.php?rest_route=\/wp\/v2\/pages\/42"}],"wp:attachment":[{"href":"https:\/\/globalization.osu.cz\/index.php?rest_route=%2Fwp%2Fv2%2Fmedia&parent=32"}],"curies":[{"name":"wp","href":"https:\/\/api.w.org\/{rel}","templated":true}]}}