{"id":7,"date":"2013-01-18T21:43:43","date_gmt":"2013-01-18T21:43:43","guid":{"rendered":"http:\/\/conference.osu.eu\/globalization\/?page_id=7"},"modified":"2013-09-04T11:11:25","modified_gmt":"2013-09-04T11:11:25","slug":"scientific-and-steering-committee","status":"publish","type":"page","link":"https:\/\/globalization.osu.cz\/?page_id=7","title":{"rendered":"Scientific and steering committee"},"content":{"rendered":"<h2><strong>Scientific Committee<\/strong><\/h2>\n<p>Prof. Derek Gregory, University of British Columbia, Canada<br \/>\nHon. and Assoc. Prof. Peter Jordan, Institute of Urban and Regional Research Vienna, Austria<br \/>\nProf. Boles\u0142aw Doma\u0144ski, Jagiellonian University, Cracow, Poland<br \/>\nAssoc. Prof. Ji\u0159\u00ed Bla\u017eek, Charles University in Prague, Czechia<br \/>\nAssoc. Prof. Petr Rumpel \u2013 University of Ostrava, Czechia<\/p>\n<h2><strong>Steering Committee<\/strong><\/h2>\n<p>Prof. Tadeusz Siwek, President of the Czech Geographical Union, University of Ostrava<br \/>\nJan \u017denka, Ph.D.<br \/>\nLud\u011bk Krti\u010dka, M.Sc.<br \/>\nBlanka Markov\u00e1, M.Sc.<br \/>\nLuk\u00e1\u0161 La\u0161, M.Sc.<br \/>\nEva Tenzin, M.Sc.<br \/>\nRenata \u0160\u0148up\u00edkov\u00e1, M.Sc.<br \/>\nKarel Malinovsk\u00fd, M.Sc.<br \/>\nV\u00e1clav \u010capek, M.Sc.<br \/>\nKupsk\u00fd Adam, M.Sc.<\/p>\n","protected":false},"excerpt":{"rendered":"<p>Scientific Committee Prof. Derek Gregory, University of British Columbia, Canada Hon. and Assoc. Prof. Peter Jordan, Institute of Urban and Regional Research Vienna, Austria Prof. Boles\u0142aw Doma\u0144ski, Jagiellonian University, Cracow, Poland Assoc. Prof. Ji\u0159\u00ed Bla\u017eek, Charles University in Prague, Czechia Assoc. Prof. Petr Rumpel \u2013 University of Ostrava, Czechia Steering Committee Prof. Tadeusz Siwek, President [&hellip;]<\/p>\n","protected":false},"author":1,"featured_media":0,"parent":12,"menu_order":0,"comment_status":"closed","ping_status":"closed","template":"","meta":{"ngg_post_thumbnail":0,"footnotes":""},"class_list":["post-7","page","type-page","status-publish","hentry"],"_links":{"self":[{"href":"https:\/\/globalization.osu.cz\/index.php?rest_route=\/wp\/v2\/pages\/7","targetHints":{"allow":["GET"]}}],"collection":[{"href":"https:\/\/globalization.osu.cz\/index.php?rest_route=\/wp\/v2\/pages"}],"about":[{"href":"https:\/\/globalization.osu.cz\/index.php?rest_route=\/wp\/v2\/types\/page"}],"author":[{"embeddable":true,"href":"https:\/\/globalization.osu.cz\/index.php?rest_route=\/wp\/v2\/users\/1"}],"replies":[{"embeddable":true,"href":"https:\/\/globalization.osu.cz\/index.php?rest_route=%2Fwp%2Fv2%2Fcomments&post=7"}],"version-history":[{"count":20,"href":"https:\/\/globalization.osu.cz\/index.php?rest_route=\/wp\/v2\/pages\/7\/revisions"}],"predecessor-version":[{"id":393,"href":"https:\/\/globalization.osu.cz\/index.php?rest_route=\/wp\/v2\/pages\/7\/revisions\/393"}],"up":[{"embeddable":true,"href":"https:\/\/globalization.osu.cz\/index.php?rest_route=\/wp\/v2\/pages\/12"}],"wp:attachment":[{"href":"https:\/\/globalization.osu.cz\/index.php?rest_route=%2Fwp%2Fv2%2Fmedia&parent=7"}],"curies":[{"name":"wp","href":"https:\/\/api.w.org\/{rel}","templated":true}]}}